{"id":43,"date":"2022-05-25T17:15:47","date_gmt":"2022-05-25T15:15:47","guid":{"rendered":"http:\/\/www.laneocastelane.ch\/?page_id=43"},"modified":"2022-05-29T10:38:45","modified_gmt":"2022-05-29T08:38:45","slug":"lapplication-mobile","status":"publish","type":"page","link":"https:\/\/www.laneocastelane.ch\/index.php\/lapplication-mobile\/","title":{"rendered":"L&#8217;Application mobile"},"content":{"rendered":"\n<p class=\"has-medium-font-size\"><strong>I. Nouvelles habitudes des usagers<\/strong><\/p>\n\n\n<div class=\"wp-block-image\">\n<figure class=\"alignright is-resized\"><img loading=\"lazy\" decoding=\"async\" src=\"https:\/\/appliculteur.files.wordpress.com\/2018\/03\/geofencing-battery-safe-managed-geoloqi.png\" alt=\"geofencing-battery-safe-managed-geoloqi\" class=\"wp-image-203\" width=\"378\" height=\"302\"\/><\/figure>\n<\/div>\n\n\n<p class=\"has-medium-font-size\">Le smartphone est aujourd&#8217;hui&nbsp; devenu un objet ins\u00e9parable pour chacun. De nombreuses \u00e9tudes ont \u00e9tabli&nbsp;qu&#8217;en fr\u00e9quence, une personne consulte&nbsp;son&nbsp;smartphone plus de vingt fois par jour et, en volume,&nbsp;la moyenne&nbsp;de temps pass\u00e9&nbsp;sur son portable d\u00e9passe les 200 minutes (plus de 3 heures!). L&#8217;application&nbsp;mobile&nbsp;r\u00e9pond au mieux \u00e0 ces nouveaux comportements et \u00e0 ces nouvelles attentes.<\/p>\n\n\n\n<p class=\"has-medium-font-size\">Nous d\u00e9ployons cette technologie avec toutes les possibilit\u00e9s qu&#8217;elle ouvre, notamment :<\/p>\n\n\n\n<ul class=\"has-medium-font-size wp-block-list\"><li>applications natives, \u00e9dit\u00e9es en iOS &nbsp;et Android;<\/li><li>notifications-push qui permettent d&#8217;\u00eatre au plus pr\u00e8s des usagers;<\/li><li>Geofencing et beacons pour&nbsp;enrichir&nbsp;et accompagner les promenades des usagers et d\u00e9livrer du contenu contextuel..<\/li><li>etc<\/li><\/ul>\n\n\n\n<p class=\"has-medium-font-size\">Mais surtout, l&#8217;objectif est de cr\u00e9er &nbsp;un outil de communication permettant de promouvoir les acteurs locaux, les savoir-faire et les terroirs, et valoriser le patrimoine territorial, historique et social; Un outil qui puisse \u00eatre mutualis\u00e9&nbsp;offrant sa force aux initiatives de chacun.<\/p>\n","protected":false},"excerpt":{"rendered":"<p>I. Nouvelles habitudes des usagers Le smartphone est aujourd&#8217;hui&nbsp; devenu un objet ins\u00e9parable pour chacun. De nombreuses \u00e9tudes ont \u00e9tabli&nbsp;qu&#8217;en fr\u00e9quence, une personne consulte&nbsp;son&nbsp;smartphone plus de vingt fois par jour et, en volume,&nbsp;la moyenne&nbsp;de temps pass\u00e9&nbsp;sur son portable d\u00e9passe les 200 minutes (plus de 3&nbsp;<a class=\"read-more\" href=\"https:\/\/www.laneocastelane.ch\/index.php\/lapplication-mobile\/\">&hellip;<\/a><\/p>\n","protected":false},"author":1,"featured_media":0,"parent":0,"menu_order":0,"comment_status":"closed","ping_status":"closed","template":"","meta":{"footnotes":""},"class_list":["post-43","page","type-page","status-publish","hentry"],"_links":{"self":[{"href":"https:\/\/www.laneocastelane.ch\/index.php\/wp-json\/wp\/v2\/pages\/43","targetHints":{"allow":["GET"]}}],"collection":[{"href":"https:\/\/www.laneocastelane.ch\/index.php\/wp-json\/wp\/v2\/pages"}],"about":[{"href":"https:\/\/www.laneocastelane.ch\/index.php\/wp-json\/wp\/v2\/types\/page"}],"author":[{"embeddable":true,"href":"https:\/\/www.laneocastelane.ch\/index.php\/wp-json\/wp\/v2\/users\/1"}],"replies":[{"embeddable":true,"href":"https:\/\/www.laneocastelane.ch\/index.php\/wp-json\/wp\/v2\/comments?post=43"}],"version-history":[{"count":2,"href":"https:\/\/www.laneocastelane.ch\/index.php\/wp-json\/wp\/v2\/pages\/43\/revisions"}],"predecessor-version":[{"id":143,"href":"https:\/\/www.laneocastelane.ch\/index.php\/wp-json\/wp\/v2\/pages\/43\/revisions\/143"}],"wp:attachment":[{"href":"https:\/\/www.laneocastelane.ch\/index.php\/wp-json\/wp\/v2\/media?parent=43"}],"curies":[{"name":"wp","href":"https:\/\/api.w.org\/{rel}","templated":true}]}}