{"id":24,"date":"2022-05-25T17:03:34","date_gmt":"2022-05-25T15:03:34","guid":{"rendered":"http:\/\/www.laneocastelane.ch\/?page_id=24"},"modified":"2022-05-29T18:53:49","modified_gmt":"2022-05-29T16:53:49","slug":"a-propos","status":"publish","type":"page","link":"https:\/\/www.laneocastelane.ch\/index.php\/a-propos\/","title":{"rendered":"A Propos"},"content":{"rendered":"\n<p class=\"has-medium-font-size\"><strong>La Neocastelane<\/strong> publie l&#8217;application mobile \u00e9ponyme en co\u00e9dition avec Carpe Locum, association \u00e0 but non lucratif regroupant des membres allant du Locle \u00e0 Porrentruy, en passant par La Chaux-de-Fonds et Neuch\u00e2tel.<\/p>\n\n\n\n<p class=\"has-medium-font-size\">Carpe Locum \u00e9dite notamment<strong> l&#8217;Appliculteur<\/strong>, \u00e0 La Chaux-de-Fonds et\u00a0 co\u00e9dite \u00e9galement l&#8217;application locloise,<strong> La Locloiserie.<\/strong><\/p>\n\n\n\n<p class=\"has-medium-font-size\">Douze autres projets d&#8217;application hyperlocale sont actuellement en cours de gestation !!<\/p>\n\n\n\n<figure class=\"wp-block-image size-large\"><a href=\"www.lappliculteur.ch\" target=\"_blank\" rel=\"noopener\"><img decoding=\"async\" src=\"https:\/\/laneocastelane.files.wordpress.com\/2021\/02\/vignette-logo-app_lappli-culteur-02.jpg?w=760\" alt=\"\" class=\"wp-image-150\"\/><\/a><\/figure>\n\n\n\n<figure class=\"wp-block-image size-large\"><a href=\"https:\/\/lalocloiserie.wordpress.com\/\" target=\"_blank\" rel=\"noopener\"><img decoding=\"async\" src=\"https:\/\/laneocastelane.files.wordpress.com\/2021\/02\/vignette-logo-app-lalocloiserie-02.jpg?w=760\" alt=\"\" class=\"wp-image-149\"\/><\/a><\/figure>\n","protected":false},"excerpt":{"rendered":"<p>La Neocastelane publie l&#8217;application mobile \u00e9ponyme en co\u00e9dition avec Carpe Locum, association \u00e0 but non lucratif regroupant des membres allant du Locle \u00e0 Porrentruy, en passant par La Chaux-de-Fonds et Neuch\u00e2tel. Carpe Locum \u00e9dite notamment l&#8217;Appliculteur, \u00e0 La Chaux-de-Fonds et\u00a0 co\u00e9dite \u00e9galement l&#8217;application locloise, La&nbsp;<a class=\"read-more\" href=\"https:\/\/www.laneocastelane.ch\/index.php\/a-propos\/\">&hellip;<\/a><\/p>\n","protected":false},"author":1,"featured_media":0,"parent":0,"menu_order":0,"comment_status":"closed","ping_status":"closed","template":"","meta":{"footnotes":""},"class_list":["post-24","page","type-page","status-publish","hentry"],"_links":{"self":[{"href":"https:\/\/www.laneocastelane.ch\/index.php\/wp-json\/wp\/v2\/pages\/24","targetHints":{"allow":["GET"]}}],"collection":[{"href":"https:\/\/www.laneocastelane.ch\/index.php\/wp-json\/wp\/v2\/pages"}],"about":[{"href":"https:\/\/www.laneocastelane.ch\/index.php\/wp-json\/wp\/v2\/types\/page"}],"author":[{"embeddable":true,"href":"https:\/\/www.laneocastelane.ch\/index.php\/wp-json\/wp\/v2\/users\/1"}],"replies":[{"embeddable":true,"href":"https:\/\/www.laneocastelane.ch\/index.php\/wp-json\/wp\/v2\/comments?post=24"}],"version-history":[{"count":4,"href":"https:\/\/www.laneocastelane.ch\/index.php\/wp-json\/wp\/v2\/pages\/24\/revisions"}],"predecessor-version":[{"id":165,"href":"https:\/\/www.laneocastelane.ch\/index.php\/wp-json\/wp\/v2\/pages\/24\/revisions\/165"}],"wp:attachment":[{"href":"https:\/\/www.laneocastelane.ch\/index.php\/wp-json\/wp\/v2\/media?parent=24"}],"curies":[{"name":"wp","href":"https:\/\/api.w.org\/{rel}","templated":true}]}}