{"id":20,"date":"2022-05-25T17:01:23","date_gmt":"2022-05-25T15:01:23","guid":{"rendered":"http:\/\/www.laneocastelane.ch\/?page_id=20"},"modified":"2022-05-29T10:33:34","modified_gmt":"2022-05-29T08:33:34","slug":"nos-prestations","status":"publish","type":"page","link":"https:\/\/www.laneocastelane.ch\/index.php\/nos-prestations\/","title":{"rendered":"Nos Prestations"},"content":{"rendered":"\n<p class=\"has-medium-font-size\">Le collectif r\u00e9uni sous l\u2019\u00e9gide de l\u2019Association Carpe Locum -\u00e9diteur de<strong> La Neocastelane<\/strong>-, rassemble des profils vari\u00e9s et des comp\u00e9tences interdisciplinaires.<\/p>\n\n\n\n<p class=\"has-medium-font-size\">C\u2019est aujourd\u2019hui une agence digitale enthousiaste \u00e0 votre service.<\/p>\n\n\n\n<p class=\"has-medium-font-size\">Elle assure le dynamisme et la p\u00e9rennit\u00e9 de l\u2019application mobile, la fiabilit\u00e9 de son socle technologique, le d\u00e9veloppement des diff\u00e9rents protocoles d\u2019interaction, ainsi que la conception des interfaces pour la mise en sc\u00e8ne de contenus enrichis.<\/p>\n\n\n\n<p class=\"has-medium-font-size\">Notre ambition est de consolider et d\u2019enrichir encore nos comp\u00e9tences dans les dimensions suivantes:<\/p>\n\n\n\n<ul class=\"has-medium-font-size wp-block-list\"><li><strong>Maitrise technologique<\/strong>: assurer et d\u00e9velopper le base technologique, optimisation des flux de contenus et d\u2019informations pour leur \u00e9dition et archivage, programmation et d\u00e9veloppement de protocoles originaux.<\/li><li><strong>Pertinence \u00e9ditoriale:&nbsp;<\/strong>identification des th\u00e9matiques locales, r\u00e9daction et id\u00e9ation des modules ad\u00e9quats, planification \u00e9ditoriale et gestion des mises \u00e0 jour.<\/li><li><strong>Gestion des processus collaboratifs :<\/strong>&nbsp; Etablissement et suivi des collaborations, mise en place et gestion des processus collaboratifs et participatifs de coproduction de contenu, coordination des dispositifs d\u2019\u00e9dition et de diffusion.<\/li><\/ul>\n","protected":false},"excerpt":{"rendered":"<p>Le collectif r\u00e9uni sous l\u2019\u00e9gide de l\u2019Association Carpe Locum -\u00e9diteur de La Neocastelane-, rassemble des profils vari\u00e9s et des comp\u00e9tences interdisciplinaires. C\u2019est aujourd\u2019hui une agence digitale enthousiaste \u00e0 votre service. Elle assure le dynamisme et la p\u00e9rennit\u00e9 de l\u2019application mobile, la fiabilit\u00e9 de son socle&nbsp;<a class=\"read-more\" href=\"https:\/\/www.laneocastelane.ch\/index.php\/nos-prestations\/\">&hellip;<\/a><\/p>\n","protected":false},"author":1,"featured_media":0,"parent":0,"menu_order":0,"comment_status":"closed","ping_status":"closed","template":"","meta":{"footnotes":""},"class_list":["post-20","page","type-page","status-publish","hentry"],"_links":{"self":[{"href":"https:\/\/www.laneocastelane.ch\/index.php\/wp-json\/wp\/v2\/pages\/20","targetHints":{"allow":["GET"]}}],"collection":[{"href":"https:\/\/www.laneocastelane.ch\/index.php\/wp-json\/wp\/v2\/pages"}],"about":[{"href":"https:\/\/www.laneocastelane.ch\/index.php\/wp-json\/wp\/v2\/types\/page"}],"author":[{"embeddable":true,"href":"https:\/\/www.laneocastelane.ch\/index.php\/wp-json\/wp\/v2\/users\/1"}],"replies":[{"embeddable":true,"href":"https:\/\/www.laneocastelane.ch\/index.php\/wp-json\/wp\/v2\/comments?post=20"}],"version-history":[{"count":2,"href":"https:\/\/www.laneocastelane.ch\/index.php\/wp-json\/wp\/v2\/pages\/20\/revisions"}],"predecessor-version":[{"id":140,"href":"https:\/\/www.laneocastelane.ch\/index.php\/wp-json\/wp\/v2\/pages\/20\/revisions\/140"}],"wp:attachment":[{"href":"https:\/\/www.laneocastelane.ch\/index.php\/wp-json\/wp\/v2\/media?parent=20"}],"curies":[{"name":"wp","href":"https:\/\/api.w.org\/{rel}","templated":true}]}}