{"id":18,"date":"2022-05-25T17:00:38","date_gmt":"2022-05-25T15:00:38","guid":{"rendered":"http:\/\/www.laneocastelane.ch\/?page_id=18"},"modified":"2022-05-29T10:37:47","modified_gmt":"2022-05-29T08:37:47","slug":"modalites","status":"publish","type":"page","link":"https:\/\/www.laneocastelane.ch\/index.php\/modalites\/","title":{"rendered":"Modalit\u00e9s"},"content":{"rendered":"\n<p class=\"has-medium-font-size\">Chaque projet est mis en \u0153uvre de mani\u00e8re progressive et \u00e9volutive, en s&#8217;attachant \u00e0 mettre sur pied les processus et le collaboration \u00e0 m\u00eame de produire&nbsp;les contenus de bases, puis les contenus plus sp\u00e9cifiques et attractifs.<\/p>\n\n\n\n<p class=\"has-medium-font-size\">Nous&nbsp;adaptons&nbsp;nos solutions aux priorit\u00e9s, aux besoins et aux sp\u00e9cificit\u00e9s territoriales et&nbsp;humaines que nous identifions au pr\u00e9alable.<\/p>\n\n\n\n<p class=\"has-medium-font-size\"><strong>Pour reprendre le &#8220;Manifeste pour le d\u00e9veloppement Agile de logiciels&#8221;:<\/strong><\/p>\n\n\n\n<p class=\"has-medium-font-size\"><em>&#8220;Nous d\u00e9couvrons comment mieux d\u00e9velopper des logiciels par la pratique et en aidant les autres \u00e0 le faire.<\/em><\/p>\n\n\n\n<p class=\"has-medium-font-size\"><em>Ces exp\u00e9riences nous ont amen\u00e9s \u00e0 valoriser :<\/em><\/p>\n\n\n\n<ul class=\"has-medium-font-size wp-block-list\"><li><em>Les individus et leurs interactions plus que les processus et les outils<\/em><\/li><li><em>Des logiciels op\u00e9rationnels plus qu\u2019une documentation exhaustive<\/em><\/li><li><em>La collaboration avec les acteurs locaux plus que la n\u00e9gociation contractuelle<\/em><\/li><li><em>L\u2019adaptation au changement plus que le suivi d\u2019un plan<\/em><\/li><\/ul>\n\n\n\n<p class=\"has-medium-font-size\"><em>Nous reconnaissons la valeur des seconds \u00e9l\u00e9ments, mais privil\u00e9gions les premiers.&#8221;<\/em><\/p>\n","protected":false},"excerpt":{"rendered":"<p>Chaque projet est mis en \u0153uvre de mani\u00e8re progressive et \u00e9volutive, en s&#8217;attachant \u00e0 mettre sur pied les processus et le collaboration \u00e0 m\u00eame de produire&nbsp;les contenus de bases, puis les contenus plus sp\u00e9cifiques et attractifs. Nous&nbsp;adaptons&nbsp;nos solutions aux priorit\u00e9s, aux besoins et aux sp\u00e9cificit\u00e9s&nbsp;<a class=\"read-more\" href=\"https:\/\/www.laneocastelane.ch\/index.php\/modalites\/\">&hellip;<\/a><\/p>\n","protected":false},"author":1,"featured_media":0,"parent":0,"menu_order":0,"comment_status":"closed","ping_status":"closed","template":"","meta":{"footnotes":""},"class_list":["post-18","page","type-page","status-publish","hentry"],"_links":{"self":[{"href":"https:\/\/www.laneocastelane.ch\/index.php\/wp-json\/wp\/v2\/pages\/18","targetHints":{"allow":["GET"]}}],"collection":[{"href":"https:\/\/www.laneocastelane.ch\/index.php\/wp-json\/wp\/v2\/pages"}],"about":[{"href":"https:\/\/www.laneocastelane.ch\/index.php\/wp-json\/wp\/v2\/types\/page"}],"author":[{"embeddable":true,"href":"https:\/\/www.laneocastelane.ch\/index.php\/wp-json\/wp\/v2\/users\/1"}],"replies":[{"embeddable":true,"href":"https:\/\/www.laneocastelane.ch\/index.php\/wp-json\/wp\/v2\/comments?post=18"}],"version-history":[{"count":2,"href":"https:\/\/www.laneocastelane.ch\/index.php\/wp-json\/wp\/v2\/pages\/18\/revisions"}],"predecessor-version":[{"id":142,"href":"https:\/\/www.laneocastelane.ch\/index.php\/wp-json\/wp\/v2\/pages\/18\/revisions\/142"}],"wp:attachment":[{"href":"https:\/\/www.laneocastelane.ch\/index.php\/wp-json\/wp\/v2\/media?parent=18"}],"curies":[{"name":"wp","href":"https:\/\/api.w.org\/{rel}","templated":true}]}}