{"id":16,"date":"2022-05-25T16:59:57","date_gmt":"2022-05-25T14:59:57","guid":{"rendered":"http:\/\/www.laneocastelane.ch\/?page_id=16"},"modified":"2022-05-25T16:59:58","modified_gmt":"2022-05-25T14:59:58","slug":"avantages","status":"publish","type":"page","link":"https:\/\/www.laneocastelane.ch\/index.php\/avantages\/","title":{"rendered":"Avantages"},"content":{"rendered":"\n<p><strong>Interactivit\u00e9<\/strong><\/p>\n\n\n\n<p>La technologie mobile offre des fonctionnalit\u00e9s fascinantes et permet de nouvelles modalit\u00e9s d\u2019interaction. De nombreuse entreprises en ont d\u00e9j\u00e0 per\u00e7u les avantages et ont d\u00e9velopp\u00e9 divers services et produits.<\/p>\n\n\n\n<p>Notre ambition est de mettre cette m\u00eame technologie au service du lien social, de la convivialit\u00e9 et de la valorisation des patrimoines territoriaux et humains.<\/p>\n\n\n\n<p><strong>Proximit\u00e9 (int\u00e9rieur\/ext\u00e9rieur)<\/strong><\/p>\n\n\n\n<p>Trop souvent le site internet classique ne devient qu\u2019une vitrine, plus ou moins statique, d\u2019une r\u00e9gion, d\u2019un th\u00e8me ou d\u2019un commerce.<\/p>\n\n\n\n<p>L\u2019application mobile, tout en ayant le m\u00eame potentiel informatif, permet une imm\u00e9diatet\u00e9 et une interactivit\u00e9 avec des usagers qui sont \u00e0 l\u2019int\u00e9rieur m\u00eame de la sph\u00e8re naturelle des activit\u00e9s promues ou des informations diffus\u00e9es.<\/p>\n\n\n\n<p><strong>Contextualit\u00e9<\/strong><\/p>\n\n\n\n<p>La possibilit\u00e9 de transmettre du contenu num\u00e9rique contextualis\u00e9, en temps et en lieu, (image, son, vid\u00e9o) offre un puissant moyen de mettre en valeur les richesses locales et d\u2019inventer des modalit\u00e9s originales d\u2019interaction (questionnaires, chasses au tr\u00e9sor, jeux).<\/p>\n\n\n\n<p><strong>Mutualisation<\/strong><\/p>\n\n\n\n<p>Si les premiers modules ont \u00e9t\u00e9 \u00e9labor\u00e9s par nos soins, nous souhaitons qu\u2019ils servent d\u2019exemples; et partant, qu\u2019ils suscitent l\u2019imagination de tout acteur local.<\/p>\n\n\n\n<p>Nous consid\u00e9rons&nbsp;<strong>La Neocastelane<\/strong>&nbsp;comme un outil, un socle au service des id\u00e9es de chacun. Nous sommes ouverts \u00e0 toute collaboration visant \u00e0 coproduire tout module, ludique, instructif. (chemin nature), scientifique ou promotionnel, dans l\u2019esprit de notre d\u00e9marche.<\/p>\n","protected":false},"excerpt":{"rendered":"<p>Interactivit\u00e9 La technologie mobile offre des fonctionnalit\u00e9s fascinantes et permet de nouvelles modalit\u00e9s d\u2019interaction. De nombreuse entreprises en ont d\u00e9j\u00e0 per\u00e7u les avantages et ont d\u00e9velopp\u00e9 divers services et produits. Notre ambition est de mettre cette m\u00eame technologie au service du lien social, de la&nbsp;<a class=\"read-more\" href=\"https:\/\/www.laneocastelane.ch\/index.php\/avantages\/\">&hellip;<\/a><\/p>\n","protected":false},"author":1,"featured_media":0,"parent":0,"menu_order":0,"comment_status":"closed","ping_status":"closed","template":"","meta":{"footnotes":""},"class_list":["post-16","page","type-page","status-publish","hentry"],"_links":{"self":[{"href":"https:\/\/www.laneocastelane.ch\/index.php\/wp-json\/wp\/v2\/pages\/16","targetHints":{"allow":["GET"]}}],"collection":[{"href":"https:\/\/www.laneocastelane.ch\/index.php\/wp-json\/wp\/v2\/pages"}],"about":[{"href":"https:\/\/www.laneocastelane.ch\/index.php\/wp-json\/wp\/v2\/types\/page"}],"author":[{"embeddable":true,"href":"https:\/\/www.laneocastelane.ch\/index.php\/wp-json\/wp\/v2\/users\/1"}],"replies":[{"embeddable":true,"href":"https:\/\/www.laneocastelane.ch\/index.php\/wp-json\/wp\/v2\/comments?post=16"}],"version-history":[{"count":1,"href":"https:\/\/www.laneocastelane.ch\/index.php\/wp-json\/wp\/v2\/pages\/16\/revisions"}],"predecessor-version":[{"id":17,"href":"https:\/\/www.laneocastelane.ch\/index.php\/wp-json\/wp\/v2\/pages\/16\/revisions\/17"}],"wp:attachment":[{"href":"https:\/\/www.laneocastelane.ch\/index.php\/wp-json\/wp\/v2\/media?parent=16"}],"curies":[{"name":"wp","href":"https:\/\/api.w.org\/{rel}","templated":true}]}}