{"id":151,"date":"2022-05-29T11:25:11","date_gmt":"2022-05-29T09:25:11","guid":{"rendered":"http:\/\/www.laneocastelane.ch\/?page_id=151"},"modified":"2022-05-29T11:25:12","modified_gmt":"2022-05-29T09:25:12","slug":"souscrire","status":"publish","type":"page","link":"https:\/\/www.laneocastelane.ch\/index.php\/souscrire\/","title":{"rendered":"Souscrire"},"content":{"rendered":"\n<p class=\"has-medium-font-size\">Partageons cette initiative ambitieuse et enthousiasmante !<\/p>\n\n\n\n<p class=\"has-medium-font-size\"><strong>Faites fleurir votre pr\u00e9sence !<\/strong><\/p>\n\n\n\n<ul class=\"has-medium-font-size wp-block-list\"><li>Gagnez en visibilit\u00e9,<\/li><li>Mettez en valeur votre activit\u00e9, vos produits et vos services;<\/li><li>Signifiez votre soutien \u00e0 cette initiative collaborative;<\/li><li>D\u00e9montrez votre attachement \u00e0 Neuch\u00e2tel tout en soulignant votre ancrage local.<\/li><\/ul>\n\n\n\n<p class=\"has-medium-font-size\">Souscrire \u00e0\u00a0<strong>La Neocastelane <\/strong>, c\u2019est contribuer \u00e0 sa p\u00e9rennit\u00e9 et \u00e0 son dynamisme. Un outil p\u00e9renne et dynamique devient \u00e0 son tour un atout majeur pour promouvoir vos activit\u00e9s.<\/p>\n\n\n\n<p class=\"has-medium-font-size\">Une belle opportunit\u00e9 d\u2019initier une spirale vertueuse.<\/p>\n","protected":false},"excerpt":{"rendered":"<p>Partageons cette initiative ambitieuse et enthousiasmante ! Faites fleurir votre pr\u00e9sence ! Gagnez en visibilit\u00e9, Mettez en valeur votre activit\u00e9, vos produits et vos services; Signifiez votre soutien \u00e0 cette initiative collaborative; D\u00e9montrez votre attachement \u00e0 Neuch\u00e2tel tout en soulignant votre ancrage local. Souscrire \u00e0\u00a0La&nbsp;<a class=\"read-more\" href=\"https:\/\/www.laneocastelane.ch\/index.php\/souscrire\/\">&hellip;<\/a><\/p>\n","protected":false},"author":1,"featured_media":0,"parent":0,"menu_order":0,"comment_status":"closed","ping_status":"closed","template":"","meta":{"footnotes":""},"class_list":["post-151","page","type-page","status-publish","hentry"],"_links":{"self":[{"href":"https:\/\/www.laneocastelane.ch\/index.php\/wp-json\/wp\/v2\/pages\/151","targetHints":{"allow":["GET"]}}],"collection":[{"href":"https:\/\/www.laneocastelane.ch\/index.php\/wp-json\/wp\/v2\/pages"}],"about":[{"href":"https:\/\/www.laneocastelane.ch\/index.php\/wp-json\/wp\/v2\/types\/page"}],"author":[{"embeddable":true,"href":"https:\/\/www.laneocastelane.ch\/index.php\/wp-json\/wp\/v2\/users\/1"}],"replies":[{"embeddable":true,"href":"https:\/\/www.laneocastelane.ch\/index.php\/wp-json\/wp\/v2\/comments?post=151"}],"version-history":[{"count":1,"href":"https:\/\/www.laneocastelane.ch\/index.php\/wp-json\/wp\/v2\/pages\/151\/revisions"}],"predecessor-version":[{"id":152,"href":"https:\/\/www.laneocastelane.ch\/index.php\/wp-json\/wp\/v2\/pages\/151\/revisions\/152"}],"wp:attachment":[{"href":"https:\/\/www.laneocastelane.ch\/index.php\/wp-json\/wp\/v2\/media?parent=151"}],"curies":[{"name":"wp","href":"https:\/\/api.w.org\/{rel}","templated":true}]}}